{"id":41,"date":"2017-07-04T10:24:23","date_gmt":"2017-07-04T10:24:23","guid":{"rendered":"http:\/\/kina-ing.com\/?page_id=41"},"modified":"2024-09-10T08:59:55","modified_gmt":"2024-09-10T08:59:55","slug":"startseite","status":"publish","type":"page","link":"https:\/\/kina-ing.com\/","title":{"rendered":"Startseite"},"content":{"rendered":"<p><div class=\"row\">\n\t<div class=\"wpb_showcase_widget wpb_content_element span12\">\n\t\t<div class=\"wpb_wrapper showcase-wrap\">\n\t\t\t\t\n\t\t\t<!-- START Home REVOLUTION SLIDER 6.6.8 --><p class=\"rs-p-wp-fix\"><\/p>\n\t\t\t<rs-module-wrap id=\"rev_slider_1_1_wrapper\" data-source=\"gallery\" style=\"visibility:hidden;background:transparent;padding:0;margin:0px auto;margin-top:0;margin-bottom:0;\">\n\t\t\t\t<rs-module id=\"rev_slider_1_1\" style=\"\" data-version=\"6.6.8\">\n\t\t\t\t\t<rs-slides style=\"overflow: hidden; position: absolute;\">\n\t\t\t\t\t\t<rs-slide style=\"position: absolute;\" data-key=\"rs-22\" data-title=\"Br\u00fcckenbau\" data-duration=\"12000\" data-anim=\"ms:1520;r:0;e:slidingoverlay;\" data-in=\"x:(100%);\" data-hsom=\"on\">\n\t\t\t\t\t\t\t<img decoding=\"async\" src=\"\/\/kina-ing.com\/wp-content\/plugins\/revslider\/public\/assets\/assets\/dummy.png\" alt=\"Br\u00fcckenbau\" title=\"Startseite\" class=\"rev-slidebg tp-rs-img rs-lazyload\" data-lazyload=\"\/\/kina-ing.com\/wp-content\/plugins\/revslider\/public\/assets\/assets\/transparent.png\" data-bg=\"c:#ffffff;f:85% 100%;\" data-parallax=\"off\" data-no-retina>\n<!--\n\t\t\t\t\t\t\t--><rs-layer\n\t\t\t\t\t\t\t\tid=\"slider-1-slide-22-layer-1\" \n\t\t\t\t\t\t\t\tdata-type=\"text\"\n\t\t\t\t\t\t\t\tdata-color=\"#005387\"\n\t\t\t\t\t\t\t\tdata-rsp_ch=\"on\"\n\t\t\t\t\t\t\t\tdata-xy=\"xo:38px;y:m;yo:-152px;\"\n\t\t\t\t\t\t\t\tdata-text=\"s:60;l:22;fw:300;a:inherit;\"\n\t\t\t\t\t\t\t\tdata-dim=\"w:428px;\"\n\t\t\t\t\t\t\t\tdata-frame_0=\"x:-50px;\"\n\t\t\t\t\t\t\t\tdata-frame_1=\"e:elastic.inOut;st:3000;sp:2500;sR:3000;\"\n\t\t\t\t\t\t\t\tdata-frame_999=\"x:-50px;o:0;e:elastic.inOut;st:9490;sp:2500;sR:3990;\"\n\t\t\t\t\t\t\t\tstyle=\"z-index:10;font-family:'Open Sans';\"\n\t\t\t\t\t\t\t>Br\u00fcckenbau\n \n\t\t\t\t\t\t\t<\/rs-layer><!--\n\n\t\t\t\t\t\t\t--><rs-layer\n\t\t\t\t\t\t\t\tid=\"slider-1-slide-22-layer-4\" \n\t\t\t\t\t\t\t\tdata-type=\"text\"\n\t\t\t\t\t\t\t\tdata-color=\"#757575\"\n\t\t\t\t\t\t\t\tdata-rsp_ch=\"on\"\n\t\t\t\t\t\t\t\tdata-xy=\"xo:40px;yo:120px;\"\n\t\t\t\t\t\t\t\tdata-text=\"l:22;fw:300;a:inherit;\"\n\t\t\t\t\t\t\t\tdata-frame_0=\"y:50px;\"\n\t\t\t\t\t\t\t\tdata-frame_1=\"e:elastic.inOut;st:3500;sp:2500;sR:3500;\"\n\t\t\t\t\t\t\t\tdata-frame_999=\"y:50px;o:0;e:elastic.inOut;st:9490;sp:2500;sR:3490;\"\n\t\t\t\t\t\t\t\tstyle=\"z-index:11;background-color:rgba(255,255,255,0);font-family:'Open Sans';\"\n\t\t\t\t\t\t\t>Objekt- und Ausf\u00fchrungsplanung \n\t\t\t\t\t\t\t<\/rs-layer><!--\n\n\t\t\t\t\t\t\t--><rs-layer\n\t\t\t\t\t\t\t\tid=\"slider-1-slide-22-layer-6\" \n\t\t\t\t\t\t\t\tclass=\"tp-shape tp-shapewrapper\"\n\t\t\t\t\t\t\t\tdata-type=\"shape\"\n\t\t\t\t\t\t\t\tdata-rsp_ch=\"on\"\n\t\t\t\t\t\t\t\tdata-xy=\"xo:40px;yo:108px;\"\n\t\t\t\t\t\t\t\tdata-text=\"fw:300;a:inherit;\"\n\t\t\t\t\t\t\t\tdata-dim=\"w:320px;h:2;\"\n\t\t\t\t\t\t\t\tdata-frame_0=\"x:50px;\"\n\t\t\t\t\t\t\t\tdata-frame_1=\"e:elastic.inOut;st:3500;sp:2500;sR:3500;\"\n\t\t\t\t\t\t\t\tdata-frame_999=\"x:50px;o:0;e:elastic.inOut;st:9490;sp:2500;sR:3490;\"\n\t\t\t\t\t\t\t\tstyle=\"z-index:12;background-color:#005387;\"\n\t\t\t\t\t\t\t> \n\t\t\t\t\t\t\t<\/rs-layer><!--\n\n\t\t\t\t\t\t\t--><rs-layer\n\t\t\t\t\t\t\t\tid=\"slider-1-slide-22-layer-29\" \n\t\t\t\t\t\t\t\tdata-type=\"shape\"\n\t\t\t\t\t\t\t\tdata-rsp_ch=\"on\"\n\t\t\t\t\t\t\t\tdata-xy=\"xo:-9px,-7px,-5px,-3px;yo:37px,30px,22px,13px;\"\n\t\t\t\t\t\t\t\tdata-text=\"w:normal;s:20,16,12,7;l:0,20,15,9;\"\n\t\t\t\t\t\t\t\tdata-dim=\"w:387px,319px,242px,149px;h:115,94,71,43;\"\n\t\t\t\t\t\t\t\tdata-border=\"bor:0,0px,0px,0;\"\n\t\t\t\t\t\t\t\tdata-frame_1=\"st:3500;sp:960;sR:3500;\"\n\t\t\t\t\t\t\t\tdata-frame_999=\"o:0;st:10130;sp:1870;sR:5670;\"\n\t\t\t\t\t\t\t\tstyle=\"z-index:9;background:linear-gradient(270deg, rgba(255,255,255,0) 0%, rgba(255,255,255,0.08) 6.67%, rgba(255,255,255,0.16) 13.34%, rgba(255,255,255,0.23) 20.01%, rgba(255,255,255,0.31) 26.68%, rgba(255,255,255,0.38) 33.35%, rgba(255,255,255,0.44) 40.02%, rgba(255,255,255,0.5) 46.69%, rgba(255,255,255,0.56) 53.36%, rgba(255,255,255,0.61) 60.03%, rgba(255,255,255,0.65) 66.70%, rgba(255,255,255,0.68) 73.37%, rgba(255,255,255,0.71) 80.04%, rgba(255,255,255,0.74) 86.71%, rgba(255,255,255,0.74) 93.38%, rgba(255,255,255,0.75) 100%);\"\n\t\t\t\t\t\t\t> \n\t\t\t\t\t\t\t<\/rs-layer><!--\n\n\t\t\t\t\t\t\t--><rs-layer\n\t\t\t\t\t\t\t\tid=\"slider-1-slide-22-layer-30\" \n\t\t\t\t\t\t\t\tclass=\"rs-nolc rs-layer-video intrinsic-ignore\"\n\t\t\t\t\t\t\t\tdata-type=\"video\"\n\t\t\t\t\t\t\t\tdata-rsp_ch=\"on\"\n\t\t\t\t\t\t\t\tdata-xy=\"x:c;y:m;\"\n\t\t\t\t\t\t\t\tdata-text=\"w:normal;s:20,16,12,7;l:0,20,15,9;\"\n\t\t\t\t\t\t\t\tdata-dim=\"w:100%;h:450px,371px,281px,173px;\"\n\t\t\t\t\t\t\t\tdata-video=\"vfc:true;vd:100;noint:t;l:false;ptimer:false;afs:f;\"\n\t\t\t\t\t\t\t\tdata-mp4=\"\/\/kina-ing.com\/wp-content\/uploads\/HeerdterLohweg_yt.mp4\"\n\t\t\t\t\t\t\t\tdata-frame_1=\"e:power4.inOut;sp:2340;\"\n\t\t\t\t\t\t\t\tdata-frame_999=\"o:0;e:power4.inOut;st:10140;sp:1850;sR:7800;\"\n\t\t\t\t\t\t\t\tstyle=\"z-index:8;\"\n\t\t\t\t\t\t\t>\n\t\t\t\t\t\t\t<\/rs-layer><!--\n-->\t\t\t\t\t\t<\/rs-slide>\n\t\t\t\t\t\t<rs-slide style=\"position: absolute;\" data-key=\"rs-20\" data-title=\"Abbruch\" data-duration=\"12000\" data-anim=\"ms:2000;r:0;e:slidingoverlay;\" data-in=\"x:(100%);\">\n\t\t\t\t\t\t\t<img decoding=\"async\" src=\"\/\/kina-ing.com\/wp-content\/plugins\/revslider\/public\/assets\/assets\/dummy.png\" alt=\"\" title=\"Startseite\" class=\"rev-slidebg tp-rs-img rs-lazyload\" data-lazyload=\"\/\/kina-ing.com\/wp-content\/uploads\/Abbruch.png\" data-bg=\"p:center bottom;\" data-parallax=\"off\" data-panzoom=\"d:12500;ss:93%;se:95%;\" data-no-retina>\n<!--\n\t\t\t\t\t\t\t--><rs-layer\n\t\t\t\t\t\t\t\tid=\"slider-1-slide-20-layer-1\" \n\t\t\t\t\t\t\t\tdata-type=\"text\"\n\t\t\t\t\t\t\t\tdata-color=\"#005387\"\n\t\t\t\t\t\t\t\tdata-rsp_ch=\"on\"\n\t\t\t\t\t\t\t\tdata-xy=\"xo:33px;y:m;yo:-168px;\"\n\t\t\t\t\t\t\t\tdata-text=\"s:60;l:22;fw:300;a:inherit;\"\n\t\t\t\t\t\t\t\tdata-dim=\"w:428px;\"\n\t\t\t\t\t\t\t\tdata-frame_0=\"x:-50px;\"\n\t\t\t\t\t\t\t\tdata-frame_1=\"e:elastic.inOut;st:3000;sp:2500;sR:3000;\"\n\t\t\t\t\t\t\t\tdata-frame_999=\"x:-50px;o:0;e:elastic.inOut;st:9490;sp:2500;sR:3990;\"\n\t\t\t\t\t\t\t\tstyle=\"z-index:5;font-family:'Open Sans';\"\n\t\t\t\t\t\t\t>R\u00fcckbau\n \n\t\t\t\t\t\t\t<\/rs-layer><!--\n\n\t\t\t\t\t\t\t--><rs-layer\n\t\t\t\t\t\t\t\tid=\"slider-1-slide-20-layer-4\" \n\t\t\t\t\t\t\t\tdata-type=\"text\"\n\t\t\t\t\t\t\t\tdata-color=\"#757575\"\n\t\t\t\t\t\t\t\tdata-rsp_ch=\"on\"\n\t\t\t\t\t\t\t\tdata-xy=\"xo:35px;yo:104px;\"\n\t\t\t\t\t\t\t\tdata-text=\"l:22;fw:300;a:inherit;\"\n\t\t\t\t\t\t\t\tdata-frame_0=\"y:50px;\"\n\t\t\t\t\t\t\t\tdata-frame_1=\"e:elastic.inOut;st:3500;sp:2500;sR:3500;\"\n\t\t\t\t\t\t\t\tdata-frame_999=\"y:50px;o:0;e:elastic.inOut;st:9490;sp:2500;sR:3490;\"\n\t\t\t\t\t\t\t\tstyle=\"z-index:6;font-family:'Open Sans';\"\n\t\t\t\t\t\t\t>Im konstruktiven Ingenieurbau \n\t\t\t\t\t\t\t<\/rs-layer><!--\n\n\t\t\t\t\t\t\t--><rs-layer\n\t\t\t\t\t\t\t\tid=\"slider-1-slide-20-layer-6\" \n\t\t\t\t\t\t\t\tclass=\"tp-shape tp-shapewrapper\"\n\t\t\t\t\t\t\t\tdata-type=\"shape\"\n\t\t\t\t\t\t\t\tdata-rsp_ch=\"on\"\n\t\t\t\t\t\t\t\tdata-xy=\"xo:35px;yo:97px;\"\n\t\t\t\t\t\t\t\tdata-text=\"fw:300;a:inherit;\"\n\t\t\t\t\t\t\t\tdata-dim=\"w:275px;h:2px;\"\n\t\t\t\t\t\t\t\tdata-frame_0=\"x:50px;\"\n\t\t\t\t\t\t\t\tdata-frame_1=\"e:elastic.inOut;st:3500;sp:2500;sR:3500;\"\n\t\t\t\t\t\t\t\tdata-frame_999=\"x:50px;o:0;e:elastic.inOut;st:9490;sp:2500;sR:3490;\"\n\t\t\t\t\t\t\t\tstyle=\"z-index:7;background-color:#005387;\"\n\t\t\t\t\t\t\t> \n\t\t\t\t\t\t\t<\/rs-layer><!--\n-->\t\t\t\t\t\t<\/rs-slide>\n\t\t\t\t\t\t<rs-slide style=\"position: absolute;\" data-key=\"rs-2\" data-title=\"Freileitung\" data-duration=\"12000\" data-anim=\"ms:2000;r:0;e:slidingoverlay;\" data-in=\"x:(100%);\">\n\t\t\t\t\t\t\t<img decoding=\"async\" src=\"\/\/kina-ing.com\/wp-content\/plugins\/revslider\/public\/assets\/assets\/dummy.png\" alt=\"\" title=\"Startseite\" class=\"rev-slidebg tp-rs-img rs-lazyload\" data-lazyload=\"\/\/kina-ing.com\/wp-content\/uploads\/2017\/07\/Freileitung.png\" data-parallax=\"off\" data-panzoom=\"d:20000;ss:100;se:105;\" data-no-retina>\n<!--\n\t\t\t\t\t\t\t--><rs-layer\n\t\t\t\t\t\t\t\tid=\"slider-1-slide-2-layer-1\" \n\t\t\t\t\t\t\t\tdata-type=\"text\"\n\t\t\t\t\t\t\t\tdata-color=\"#005387\"\n\t\t\t\t\t\t\t\tdata-rsp_ch=\"on\"\n\t\t\t\t\t\t\t\tdata-xy=\"xo:78px;y:m;yo:-166px;\"\n\t\t\t\t\t\t\t\tdata-text=\"s:60;l:22;fw:300;a:inherit;\"\n\t\t\t\t\t\t\t\tdata-dim=\"w:428px;\"\n\t\t\t\t\t\t\t\tdata-frame_0=\"x:-50px;\"\n\t\t\t\t\t\t\t\tdata-frame_1=\"e:elastic.inOut;st:3000;sp:2500;sR:3000;\"\n\t\t\t\t\t\t\t\tdata-frame_999=\"x:-50px;o:0;e:elastic.inOut;st:w;sp:2500;sR:3990;\"\n\t\t\t\t\t\t\t\tstyle=\"z-index:5;font-family:'Open Sans';\"\n\t\t\t\t\t\t\t>Freileitungsmaste\n \n\t\t\t\t\t\t\t<\/rs-layer><!--\n\n\t\t\t\t\t\t\t--><rs-layer\n\t\t\t\t\t\t\t\tid=\"slider-1-slide-2-layer-4\" \n\t\t\t\t\t\t\t\tdata-type=\"text\"\n\t\t\t\t\t\t\t\tdata-color=\"#9b9b9b\"\n\t\t\t\t\t\t\t\tdata-rsp_ch=\"on\"\n\t\t\t\t\t\t\t\tdata-xy=\"xo:79px;yo:112px;\"\n\t\t\t\t\t\t\t\tdata-text=\"l:22;fw:300;a:inherit;\"\n\t\t\t\t\t\t\t\tdata-frame_0=\"y:50px;\"\n\t\t\t\t\t\t\t\tdata-frame_1=\"e:elastic.inOut;st:3500;sp:2500;sR:3500;\"\n\t\t\t\t\t\t\t\tdata-frame_999=\"y:50px;o:0;e:elastic.inOut;st:w;sp:2500;sR:3490;\"\n\t\t\t\t\t\t\t\tstyle=\"z-index:6;font-family:'Open Sans';\"\n\t\t\t\t\t\t\t>Pr\u00fcfung und Softwareentwicklung \n\t\t\t\t\t\t\t<\/rs-layer><!--\n\n\t\t\t\t\t\t\t--><rs-layer\n\t\t\t\t\t\t\t\tid=\"slider-1-slide-2-layer-6\" \n\t\t\t\t\t\t\t\tclass=\"tp-shape tp-shapewrapper\"\n\t\t\t\t\t\t\t\tdata-type=\"shape\"\n\t\t\t\t\t\t\t\tdata-rsp_ch=\"on\"\n\t\t\t\t\t\t\t\tdata-xy=\"xo:79px;yo:100px;\"\n\t\t\t\t\t\t\t\tdata-text=\"fw:300;a:inherit;\"\n\t\t\t\t\t\t\t\tdata-dim=\"w:475px;h:2px;\"\n\t\t\t\t\t\t\t\tdata-frame_0=\"x:50px;\"\n\t\t\t\t\t\t\t\tdata-frame_1=\"e:elastic.inOut;st:3500;sp:2500;sR:3500;\"\n\t\t\t\t\t\t\t\tdata-frame_999=\"x:50px;o:0;e:elastic.inOut;st:w;sp:2500;sR:3490;\"\n\t\t\t\t\t\t\t\tstyle=\"z-index:7;background-color:#005387;\"\n\t\t\t\t\t\t\t> \n\t\t\t\t\t\t\t<\/rs-layer><!--\n-->\t\t\t\t\t\t<\/rs-slide>\n\t\t\t\t\t\t<rs-slide style=\"position: absolute;\" data-key=\"rs-4\" data-title=\"Gutachten\" data-duration=\"12000\" data-anim=\"ms:2000;r:0;e:slidingoverlay;\" data-in=\"x:(100%);\">\n\t\t\t\t\t\t\t<img decoding=\"async\" src=\"\/\/kina-ing.com\/wp-content\/plugins\/revslider\/public\/assets\/assets\/dummy.png\" alt=\"\" title=\"Startseite\" class=\"rev-slidebg tp-rs-img rs-lazyload\" data-lazyload=\"\/\/kina-ing.com\/wp-content\/uploads\/2017\/07\/building.png\" data-parallax=\"off\" data-panzoom=\"d:20000;ss:100;se:105;\" data-no-retina>\n<!--\n\t\t\t\t\t\t\t--><rs-layer\n\t\t\t\t\t\t\t\tid=\"slider-1-slide-4-layer-1\" \n\t\t\t\t\t\t\t\tdata-type=\"text\"\n\t\t\t\t\t\t\t\tdata-color=\"#005387\"\n\t\t\t\t\t\t\t\tdata-rsp_ch=\"on\"\n\t\t\t\t\t\t\t\tdata-xy=\"xo:746px;y:m;yo:-152px;\"\n\t\t\t\t\t\t\t\tdata-text=\"s:60;l:22;fw:300;a:inherit;\"\n\t\t\t\t\t\t\t\tdata-dim=\"w:428px;\"\n\t\t\t\t\t\t\t\tdata-frame_0=\"x:50px;\"\n\t\t\t\t\t\t\t\tdata-frame_1=\"e:elastic.inOut;st:3000;sp:2500;sR:3000;\"\n\t\t\t\t\t\t\t\tdata-frame_999=\"x:50px;o:0;e:elastic.inOut;st:w;sp:2500;sR:3990;\"\n\t\t\t\t\t\t\t\tstyle=\"z-index:5;font-family:'Open Sans';\"\n\t\t\t\t\t\t\t>Gutachten \n\t\t\t\t\t\t\t<\/rs-layer><!--\n\n\t\t\t\t\t\t\t--><rs-layer\n\t\t\t\t\t\t\t\tid=\"slider-1-slide-4-layer-4\" \n\t\t\t\t\t\t\t\tdata-type=\"text\"\n\t\t\t\t\t\t\t\tdata-color=\"#9b9b9b\"\n\t\t\t\t\t\t\t\tdata-rsp_ch=\"on\"\n\t\t\t\t\t\t\t\tdata-xy=\"xo:747px;yo:126px;\"\n\t\t\t\t\t\t\t\tdata-text=\"l:22;fw:300;a:inherit;\"\n\t\t\t\t\t\t\t\tdata-frame_0=\"y:50px;\"\n\t\t\t\t\t\t\t\tdata-frame_1=\"e:elastic.inOut;st:3500;sp:2500;sR:3500;\"\n\t\t\t\t\t\t\t\tdata-frame_999=\"y:50px;o:0;e:elastic.inOut;st:w;sp:2500;sR:3490;\"\n\t\t\t\t\t\t\t\tstyle=\"z-index:6;font-family:'Open Sans';\"\n\t\t\t\t\t\t\t>Konstruktiver Ingenieurbau und Schwei\u00dftechnik \n\t\t\t\t\t\t\t<\/rs-layer><!--\n\n\t\t\t\t\t\t\t--><rs-layer\n\t\t\t\t\t\t\t\tid=\"slider-1-slide-4-layer-6\" \n\t\t\t\t\t\t\t\tclass=\"tp-shape tp-shapewrapper\"\n\t\t\t\t\t\t\t\tdata-type=\"shape\"\n\t\t\t\t\t\t\t\tdata-rsp_ch=\"on\"\n\t\t\t\t\t\t\t\tdata-xy=\"xo:747px;yo:114px;\"\n\t\t\t\t\t\t\t\tdata-text=\"fw:300;a:inherit;\"\n\t\t\t\t\t\t\t\tdata-dim=\"w:435px;h:2px;\"\n\t\t\t\t\t\t\t\tdata-frame_0=\"x:left;o:1;\"\n\t\t\t\t\t\t\t\tdata-frame_1=\"e:elastic.inOut;st:3500;sp:2500;sR:3500;\"\n\t\t\t\t\t\t\t\tdata-frame_999=\"x:-50px;o:0;e:elastic.inOut;st:w;sp:2500;sR:3490;\"\n\t\t\t\t\t\t\t\tstyle=\"z-index:7;background-color:#005387;\"\n\t\t\t\t\t\t\t> \n\t\t\t\t\t\t\t<\/rs-layer><!--\n-->\t\t\t\t\t\t<\/rs-slide>\n\t\t\t\t\t<\/rs-slides>\n\t\t\t\t<\/rs-module>\n\t\t\t\t<script>\n\t\t\t\t\tsetREVStartSize({c: 'rev_slider_1_1',rl:[1240,1024,778,480],el:[450,450,450,350],gw:[1240,1024,778,480],gh:[450,450,450,350],type:'standard',justify:'',layout:'fullwidth',mh:\"0\"});if (window.RS_MODULES!==undefined && window.RS_MODULES.modules!==undefined && window.RS_MODULES.modules[\"revslider11\"]!==undefined) {window.RS_MODULES.modules[\"revslider11\"].once = false;window.revapi1 = undefined;if (window.RS_MODULES.checkMinimal!==undefined) window.RS_MODULES.checkMinimal()}\n\t\t\t\t<\/script>\n\t\t\t<\/rs-module-wrap>\n\t\t\t<!-- END REVOLUTION SLIDER -->\n\n\t\t<\/div> \n\t<\/div> <\/div>\n <div class=\"blank_spacer span12 \" style=\"height:30px;\"><\/div>\n <div class=\"row\">\n\t<div class=\"wpb_content_element span3 wpb_text_column\">\n\t\t<div class=\"wpb_wrapper clearfix\">\n\t\t\t<div class=\"heading-wrap\"><i class=\"icon-file-text\"><\/i><h3 class=\"wpb_heading\">Gutachten<\/h3><\/div>\n\t\t\t<\/p>\n<p style=\"text-align: left;\">Unsere <strong>Gutachtenerstellung<\/strong> im Bereich <strong>konstruktiver Ingenieurbau<\/strong> und <strong>Schwei\u00dftechnik<\/strong> ist ein wesentlicher Bestandteil unseres Leistungsspektrums. Wir spezialisieren uns auf die <strong>Schadensermittlung<\/strong> an Neu- und Bestandsbauten und bieten Ihnen fundierte <strong>gutachterliche Stellungnahmen<\/strong>. Vertrauen Sie auf unsere Expertise f\u00fcr pr\u00e4zise Bewertungen und umfassende Analysen, um fundierte Entscheidungen f\u00fcr Ihre Bauprojekte zu treffen.<\/p>\n<p>\n\t\t<\/div> \n\t<\/div>  \n\t<div class=\"wpb_content_element span3 wpb_text_column\">\n\t\t<div class=\"wpb_wrapper clearfix\">\n\t\t\t<div class=\"heading-wrap\"><i class=\"icon-pencil\"><\/i><h3 class=\"wpb_heading\">Planung<\/h3><\/div>\n\t\t\t<\/p>\n<p style=\"text-align: left;\">Unser <strong>hochmotiviertes Team<\/strong> steht f\u00fcr <strong>innovative und wirtschaftliche Objekt- und Tragwerksplanung<\/strong> von Ingenieurbauwerken. Bei <strong>komplexen Problemstellungen<\/strong> bieten wir Ihnen partnerschaftliche Beratung und ma\u00dfgeschneiderte L\u00f6sungen. Neben unseren <strong>qualifizierten Tragwerksplanern nach BauO NRW<\/strong> verf\u00fcgen wir auch \u00fcber erfahrene <strong>Bauwerkspr\u00fcfer<\/strong> und <strong>Schwei\u00dffachingenieure<\/strong>, die Ihnen umfassende Expertise in Bauwerkspr\u00fcfungen und Schwei\u00dftechnik bieten.<\/p>\n<p>\n\t\t<\/div> \n\t<\/div>  \n\t<div class=\"wpb_content_element span3 wpb_text_column\">\n\t\t<div class=\"wpb_wrapper clearfix\">\n\t\t\t<div class=\"heading-wrap\"><i class=\"icon-check\"><\/i><h3 class=\"wpb_heading\">Pr\u00fcfung<\/h3><\/div>\n\t\t\t<\/p>\n<div class=\"flex-shrink-0 flex flex-col relative items-end\">\n<div>\n<div class=\"pt-0\">\n<div class=\"gizmo-bot-avatar flex h-8 w-8 items-center justify-center overflow-hidden rounded-full\">\n<div class=\"relative p-1 rounded-sm flex items-center justify-center bg-token-main-surface-primary text-token-text-primary h-8 w-8\" style=\"text-align: left;\">Wir bieten <strong>bautechnische Pr\u00fcfleistungen<\/strong> im <strong>Hochbau<\/strong> und <strong>Br\u00fcckenbau<\/strong> gem\u00e4\u00df <strong>SV-VO<\/strong> und <strong>BauPr\u00fcf-VO<\/strong> an. Unsere Expertise umfasst die Bereiche <strong>Stahlbau<\/strong>, <strong>Holzbau<\/strong>, sowie <strong>Schall-<\/strong> und <strong>W\u00e4rmeschutz<\/strong>. Gemeinsam mit unseren Partnern \u00fcbernehmen wir gerne die <strong>ganzheitliche Pr\u00fcfung<\/strong> aller Teilbereiche. Profitieren Sie von unserer langj\u00e4hrigen Erfahrung und umfassenden Fachkompetenz im Bereich der bautechnischen Pr\u00fcfungen \u2013 f\u00fcr sichere und zukunftsorientierte Bauprojekte.<\/div>\n<\/div>\n<\/div>\n<\/div>\n<\/div>\n<p>\n\t\t<\/div> \n\t<\/div>  \n\t<div class=\"wpb_content_element span3 wpb_text_column\">\n\t\t<div class=\"wpb_wrapper clearfix\">\n\t\t\t<div class=\"heading-wrap\"><i class=\"icon-code\"><\/i><h3 class=\"wpb_heading\">Software<\/h3><\/div>\n\t\t\t<\/p>\n<div class=\"flex-shrink-0 flex flex-col relative items-end\">\n<div class=\"pt-0\">\n<div class=\"gizmo-bot-avatar flex h-8 w-8 items-center justify-center overflow-hidden rounded-full\">\n<div class=\"relative p-1 rounded-sm flex items-center justify-center bg-token-main-surface-primary text-token-text-primary h-8 w-8\">\n<div class=\"flex-shrink-0 flex flex-col relative items-end\">\n<div>\n<div class=\"pt-0\">\n<div class=\"gizmo-bot-avatar flex h-8 w-8 items-center justify-center overflow-hidden rounded-full\">\n<div class=\"relative p-1 rounded-sm flex items-center justify-center bg-token-main-surface-primary text-token-text-primary h-8 w-8\" style=\"text-align: left;\">Wir bieten <strong>anwendungsbezogene Programmierung<\/strong>, z.B. f\u00fcr die <strong>Berechnung<\/strong> und <strong>Pr\u00fcfung von Freileitungsmasten<\/strong>. Unser Team entwickelt ma\u00dfgeschneiderte Softwarel\u00f6sungen, die exakt auf Ihre <strong>technische Problemstellung<\/strong> abgestimmt sind. Mit unserer Expertise schaffen wir individuelle Programme f\u00fcr effiziente Berechnungen und Pr\u00fcfungen in der <strong>Freileitungstechnik.<\/strong><\/div>\n<\/div>\n<\/div>\n<\/div>\n<\/div>\n<\/div>\n<\/div>\n<\/div>\n<\/div>\n<p>\n\t\t<\/div> \n\t<\/div> <\/div>\n <div class=\"row\"><div class=\"wpb_impact_text wpb_content_element clearfix alt-bg alt-one span12 cta_align_right\">\n<div class=\"impact-text-wrap clearfix\">\n<div class=\"wpb_call_text\">\n<h2>\u00a0kMast\/P242 Anwender? Hier finden Sie den internen Bereich.<\/h2>\n<div class=\"wpb_call_text\">\n<p>Dort finden Sie neben den aktuellen Versionen auch Support und Schulungsangebote.<\/p>\n<\/div>\n<\/div>\n<a class=\"wpb_button sf-button normal accent squarearrow\" href=\"https:\/\/kina-ing.com\/?page_id=201\" target=\"_self\"><span>Go<\/span><span class=\"arrow\"><\/span><\/a>\n<\/div>\n<\/div> \n<\/div>\n<\/p>\n","protected":false},"excerpt":{"rendered":"","protected":false},"author":1,"featured_media":0,"parent":0,"menu_order":0,"comment_status":"closed","ping_status":"closed","template":"","meta":{"_bbp_topic_count":0,"_bbp_reply_count":0,"_bbp_total_topic_count":0,"_bbp_total_reply_count":0,"_bbp_voice_count":0,"_bbp_anonymous_reply_count":0,"_bbp_topic_count_hidden":0,"_bbp_reply_count_hidden":0,"_bbp_forum_subforum_count":0,"footnotes":""},"class_list":["post-41","page","type-page","status-publish","hentry"],"_links":{"self":[{"href":"https:\/\/kina-ing.com\/index.php?rest_route=\/wp\/v2\/pages\/41","targetHints":{"allow":["GET"]}}],"collection":[{"href":"https:\/\/kina-ing.com\/index.php?rest_route=\/wp\/v2\/pages"}],"about":[{"href":"https:\/\/kina-ing.com\/index.php?rest_route=\/wp\/v2\/types\/page"}],"author":[{"embeddable":true,"href":"https:\/\/kina-ing.com\/index.php?rest_route=\/wp\/v2\/users\/1"}],"replies":[{"embeddable":true,"href":"https:\/\/kina-ing.com\/index.php?rest_route=%2Fwp%2Fv2%2Fcomments&post=41"}],"version-history":[{"count":29,"href":"https:\/\/kina-ing.com\/index.php?rest_route=\/wp\/v2\/pages\/41\/revisions"}],"predecessor-version":[{"id":5314,"href":"https:\/\/kina-ing.com\/index.php?rest_route=\/wp\/v2\/pages\/41\/revisions\/5314"}],"wp:attachment":[{"href":"https:\/\/kina-ing.com\/index.php?rest_route=%2Fwp%2Fv2%2Fmedia&parent=41"}],"curies":[{"name":"wp","href":"https:\/\/api.w.org\/{rel}","templated":true}]}}