{"id":111,"date":"2017-07-04T12:21:08","date_gmt":"2017-07-04T12:21:08","guid":{"rendered":"http:\/\/kina-ing.com\/?page_id=111"},"modified":"2024-10-18T12:56:29","modified_gmt":"2024-10-18T12:56:29","slug":"ueber-uns","status":"publish","type":"page","link":"https:\/\/kina-ing.com\/?page_id=111","title":{"rendered":"\u00dcber uns"},"content":{"rendered":"<p><div class=\"row\">\n\t<div class=\"wpb_content_element span12 wpb_raw_html\">\n\t\t<div class=\"wpb_wrapper\">\n\t\t\t<p style=\"text-align: center;\"><img decoding=\"async\" src=\"https:\/\/kina-ing.com\/wp-content\/uploads\/1111.jpg\" width=\"750\"><\/img><\/p>\n\t\t<\/div> \n\t<\/div> <\/div>\n <div class=\"blank_spacer span12 \" style=\"height:30px;\"><\/div>\n <div class=\"row\">\n\t<div class=\"wpb_content_element span6 wpb_text_column\">\n\t\t<div class=\"wpb_wrapper clearfix\">\n\t\t\t<\/p>\n<div class=\"flex-shrink-0 flex flex-col relative items-end\">\n<div>\n<div class=\"pt-0\">\n<div class=\"gizmo-bot-avatar flex h-8 w-8 items-center justify-center overflow-hidden rounded-full\">\n<div class=\"relative p-1 rounded-sm flex items-center justify-center bg-token-main-surface-primary text-token-text-primary h-8 w-8\">Suchen Sie einen <strong>zuverl\u00e4ssigen und erfahrenen Partner<\/strong> f\u00fcr Ihr Bauprojekt? Als <strong>inhabergef\u00fchrtes Ingenieurb\u00fcro<\/strong> bieten wir Ihnen genau das! Wir begleiten Sie mit unserer umfassenden Expertise bei jedem Schritt Ihres Projekts \u2013 von der Planung bis zur Umsetzung. Insbesondere bei <strong>anspruchsvollen und komplexen Bauvorhaben<\/strong> entwickeln wir <strong>innovative und wirtschaftliche L\u00f6sungen<\/strong>, die Ihre Vision Realit\u00e4t werden lassen.<\/div>\n<\/div>\n<\/div>\n<\/div>\n<\/div>\n<div class=\"group\/conversation-turn relative flex w-full min-w-0 flex-col agent-turn\">\n<div class=\"flex-col gap-1 md:gap-3\">\n<div class=\"flex max-w-full flex-col flex-grow\">\n<div class=\"min-h-[20px] text-message flex w-full flex-col items-end gap-2 whitespace-normal break-words [.text-message+&amp;]:mt-5\" dir=\"auto\" data-message-author-role=\"assistant\" data-message-id=\"10e2ef7d-43e7-465a-a30b-8d2f6dd464f7\">\n<div class=\"flex w-full flex-col gap-1 empty:hidden first:pt-[3px]\">\n<div class=\"markdown prose w-full break-words dark:prose-invert light\">\n<p>Jedes Bauwerk, egal wie spektakul\u00e4r, ben\u00f6tigt nicht nur eine stabile Grundlage, sondern vor allem <strong>kreative, zukunftsweisende Ideen<\/strong>. Mit uns haben Sie einen <strong>loyalen Partner<\/strong> an Ihrer Seite, der weit \u00fcber klassische Ingenieurleistungen hinausgeht, um Ihre Ziele im Projekt zu erreichen. Dabei steht bei uns besonders die partnerschaftliche Planung im Vordergrund.<\/p>\n<p><strong>Was k\u00f6nnen wir f\u00fcr Sie tun?<\/strong> Lassen Sie uns gemeinsam die Grundlage f\u00fcr den Erfolg Ihres Projekts schaffen!<\/p>\n<\/div>\n<\/div>\n<\/div>\n<\/div>\n<\/div>\n<\/div>\n<p>\n\t\t<\/div> \n\t<\/div>  \n\t<div class=\"wpb_content_element span6 wpb_text_column\">\n\t\t<div class=\"wpb_wrapper clearfix\">\n\t\t\t<\/p>\n<p><strong>Unsere Kernkompotenzen<\/strong><\/p>\n<div class=\"one_half\">\n<ul class=\"sf-list list-tick_bw\">\n<li>Br\u00fcckenbau<\/li>\n<li>Industrie- und Anlagenbau<\/li>\n<li>Hochbau<\/li>\n<li>Sonderkonstruktionen<\/li>\n<li>Strukturoptimierung<\/li>\n<li>Schaltanlagen<\/li>\n<\/ul>\n<p><\/div><br \/>\n<div class=\"one_half last\"><\/p>\n<ul class=\"sf-list list-tick_bw\">\n<li>Stahlwasserbau<\/li>\n<li>Softwareentwicklung<\/li>\n<li>FE \u2013 Analysen<\/li>\n<li>Gutachtert\u00e4tigkeit<\/li>\n<li>Baumechanik \u2013 Statik<\/li>\n<li>Freileitungsmaste<\/li>\n<\/ul>\n<p><\/div><div class=\"clearboth\"><\/div>\n<p>\n\t\t<\/div> \n\t<\/div> <\/div>\n<\/p>\n","protected":false},"excerpt":{"rendered":"","protected":false},"author":1,"featured_media":0,"parent":0,"menu_order":0,"comment_status":"closed","ping_status":"closed","template":"","meta":{"_bbp_topic_count":0,"_bbp_reply_count":0,"_bbp_total_topic_count":0,"_bbp_total_reply_count":0,"_bbp_voice_count":0,"_bbp_anonymous_reply_count":0,"_bbp_topic_count_hidden":0,"_bbp_reply_count_hidden":0,"_bbp_forum_subforum_count":0,"footnotes":""},"class_list":["post-111","page","type-page","status-publish","hentry"],"_links":{"self":[{"href":"https:\/\/kina-ing.com\/index.php?rest_route=\/wp\/v2\/pages\/111","targetHints":{"allow":["GET"]}}],"collection":[{"href":"https:\/\/kina-ing.com\/index.php?rest_route=\/wp\/v2\/pages"}],"about":[{"href":"https:\/\/kina-ing.com\/index.php?rest_route=\/wp\/v2\/types\/page"}],"author":[{"embeddable":true,"href":"https:\/\/kina-ing.com\/index.php?rest_route=\/wp\/v2\/users\/1"}],"replies":[{"embeddable":true,"href":"https:\/\/kina-ing.com\/index.php?rest_route=%2Fwp%2Fv2%2Fcomments&post=111"}],"version-history":[{"count":32,"href":"https:\/\/kina-ing.com\/index.php?rest_route=\/wp\/v2\/pages\/111\/revisions"}],"predecessor-version":[{"id":5324,"href":"https:\/\/kina-ing.com\/index.php?rest_route=\/wp\/v2\/pages\/111\/revisions\/5324"}],"wp:attachment":[{"href":"https:\/\/kina-ing.com\/index.php?rest_route=%2Fwp%2Fv2%2Fmedia&parent=111"}],"curies":[{"name":"wp","href":"https:\/\/api.w.org\/{rel}","templated":true}]}}